{"id":107,"date":"2016-02-19T09:24:59","date_gmt":"2016-02-19T09:24:59","guid":{"rendered":"http:\/\/plethorathemes.com\/healthflex\/health-coach\/?page_id=107"},"modified":"2026-04-08T11:32:58","modified_gmt":"2026-04-08T16:32:58","slug":"home","status":"publish","type":"page","link":"https:\/\/www.esehospitalcimitarra.gov.co\/","title":{"rendered":"Inicio"},"content":{"rendered":"\t\t<div data-elementor-type=\"wp-page\" data-elementor-id=\"107\" class=\"elementor elementor-107\">\n\t\t\t\t\t\t<section class=\"elementor-section elementor-top-section elementor-element elementor-element-774cd55b elementor-section-boxed elementor-section-height-default elementor-section-height-default\" data-id=\"774cd55b\" data-element_type=\"section\" data-e-type=\"section\">\n\t\t\t\t\t\t<div class=\"elementor-container elementor-column-gap-default\">\n\t\t\t\t\t<div class=\"elementor-column elementor-col-100 elementor-top-column elementor-element elementor-element-3ca62f3e\" data-id=\"3ca62f3e\" data-element_type=\"column\" data-e-type=\"column\">\n\t\t\t<div class=\"elementor-widget-wrap elementor-element-populated\">\n\t\t\t\t\t\t<div class=\"elementor-element elementor-element-4c7c2cdb elementor-widget elementor-widget-text-editor\" data-id=\"4c7c2cdb\" data-element_type=\"widget\" data-e-type=\"widget\" data-widget_type=\"text-editor.default\">\n\t\t\t\t<div class=\"elementor-widget-container\">\n\t\t\t\t\t\t\t\t\t[vc_row full_width=&#8221;0&#8243; full_height=&#8221;0&#8243; row_padding=&#8221;no_padding&#8221; cols_padding=&#8221;no_cols_padding&#8221; elevate=&#8221;elevate&#8221; background=&#8221;transparent&#8221; el_class=&#8221;folded_section&#8221;][vc_column width=&#8221;1\/4&#8243; color_set=&#8221;dark_section&#8221; background=&#8221;transparent&#8221; offset=&#8221;vc_col-xs-6&#8243;]<!-- ========================== TEASER BOX ==========================-->\r\n<div class=\"teaser_box wpb_content_element text-center  transparent boxed same_height_col  with_button    \">\r\n\r\n  <div class=\"figure transparent\">\r\n\r\n\r\n      <a href=\"http:\/\/www.esehospitalcimitarra.gov.co\/index.php\/citas\/\" debug title=\"CITAS\" target=\"\"> \r\n\r\n        \r\n        \r\n        \r\n         <img decoding=\"async\" src=\"https:\/\/www.esehospitalcimitarra.gov.co\/wp-content\/uploads\/2016\/02\/calendar.png\" alt=\"Citas\">   \r\n\r\n        \r\n\r\n    <\/a>\r\n\r\n  <\/div>\r\n\r\n\r\n\r\n  <div class=\"content text-center   with_button \">\r\n    \r\n    <div class=\"hgroup\">\r\n       <h4 class=\"neutralize_links\">\r\n       Citas\r\n       <\/h4>\r\n       <p>Puedes solicitar tu cita ingresando tus datos en el siguiente formulario. Recibir\u00e1s respuesta a trav\u00e9s de tu correo electr\u00f3nico.<\/p> \r\n    <\/div>\r\n\r\n    \r\n\r\n    <div class=\"link centered\">\r\n        <a href=\"http:\/\/www.esehospitalcimitarra.gov.co\/index.php\/citas\/\" CITAS target=\"\" class=\"btn btn-xs btn-secondary\"><strong>Solicitar<\/strong><\/a>\r\n    <\/div>\r\n\r\n  <\/div>\r\n\r\n<\/div>\r\n\r\n<!-- END======================= TEASER BOX ==========================-->[\/vc_column][vc_column width=&#8221;1\/4&#8243; color_set=&#8221;skincolored_section&#8221; background=&#8221;transparent&#8221; offset=&#8221;vc_col-xs-6&#8243;]<!-- ========================== TEASER BOX ==========================-->\r\n<div class=\"teaser_box wpb_content_element text-center  transparent boxed same_height_col  with_button    \">\r\n\r\n  <div class=\"figure transparent\">\r\n\r\n\r\n      <a href=\"http:\/\/www.esehospitalcimitarra.gov.co\/index.php\/pqr\/\" debug title=\"\" target=\"\"> \r\n\r\n        \r\n        \r\n        \r\n         <img decoding=\"async\" src=\"https:\/\/www.esehospitalcimitarra.gov.co\/wp-content\/uploads\/2016\/02\/yoga-1.png\" alt=\"PQR\">   \r\n\r\n        \r\n\r\n    <\/a>\r\n\r\n  <\/div>\r\n\r\n\r\n\r\n  <div class=\"content text-center   with_button \">\r\n    \r\n    <div class=\"hgroup\">\r\n       <h4 class=\"neutralize_links\">\r\n       PQR\r\n       <\/h4>\r\n       <p>Presentamos esta herramienta que te permite registrar Peticiones, Quejas, Reclamos, Sugerencias o Felicitaciones y hacerle seguimiento.<\/p> \r\n    <\/div>\r\n\r\n    \r\n\r\n    <div class=\"link centered\">\r\n        <a href=\"http:\/\/www.esehospitalcimitarra.gov.co\/index.php\/pqr\/\"  target=\"\" class=\"btn btn-xs btn-secondary\"><strong>Ir a PQR<\/strong><\/a>\r\n    <\/div>\r\n\r\n  <\/div>\r\n\r\n<\/div>\r\n\r\n<!-- END======================= TEASER BOX ==========================-->[\/vc_column][vc_column width=&#8221;1\/4&#8243; color_set=&#8221;dark_section&#8221; offset=&#8221;vc_col-xs-6&#8243;]<!-- ========================== TEASER BOX ==========================-->\r\n<div class=\"teaser_box wpb_content_element text-center  transparent boxed same_height_col  with_button    \">\r\n\r\n  <div class=\"figure transparent\">\r\n\r\n\r\n      <a href=\"http:\/\/www.esehospitalcimitarra.gov.co\/index.php\/historias-clinicas\/\" debug title=\"Historias Clinicas\" target=\"\"> \r\n\r\n        \r\n        \r\n        \r\n         <img decoding=\"async\" src=\"https:\/\/www.esehospitalcimitarra.gov.co\/wp-content\/uploads\/2016\/02\/heart-watch.png\" alt=\"Historia Clinica\">   \r\n\r\n        \r\n\r\n    <\/a>\r\n\r\n  <\/div>\r\n\r\n\r\n\r\n  <div class=\"content text-center   with_button \">\r\n    \r\n    <div class=\"hgroup\">\r\n       <h4 class=\"neutralize_links\">\r\n       Historia Clinica\r\n       <\/h4>\r\n       <p>Puede solicitar copia de su historia cl\u00ednica, para evitar el desplazamiento hasta nuestras instalaciones.<\/p> \r\n    <\/div>\r\n\r\n    \r\n\r\n    <div class=\"link centered\">\r\n        <a href=\"http:\/\/www.esehospitalcimitarra.gov.co\/index.php\/historias-clinicas\/\" Historias Clinicas target=\"\" class=\"btn btn-xs btn-secondary\"><strong>Ver<\/strong><\/a>\r\n    <\/div>\r\n\r\n  <\/div>\r\n\r\n<\/div>\r\n\r\n<!-- END======================= TEASER BOX ==========================-->[\/vc_column][vc_column width=&#8221;1\/4&#8243; color_set=&#8221;skincolored_section&#8221; background=&#8221;transparent&#8221; offset=&#8221;vc_col-xs-6&#8243;]<!-- ========================== TEASER BOX ==========================-->\r\n<div class=\"teaser_box wpb_content_element text-center  transparent boxed same_height_col  with_button    \">\r\n\r\n  <div class=\"figure transparent\">\r\n\r\n\r\n      <a href=\"http:\/\/www.esehospitalcimitarra.gov.co\/index.php\/contactenos\/\" debug title=\"Contactenos\" target=\"\"> \r\n\r\n        \r\n        \r\n        \r\n         <img decoding=\"async\" src=\"https:\/\/www.esehospitalcimitarra.gov.co\/wp-content\/uploads\/2020\/03\/contactenos_icon.png\" alt=\"Cont\u00e1ctenos\">   \r\n\r\n        \r\n\r\n    <\/a>\r\n\r\n  <\/div>\r\n\r\n\r\n\r\n  <div class=\"content text-center   with_button \">\r\n    \r\n    <div class=\"hgroup\">\r\n       <h4 class=\"neutralize_links\">\r\n       Cont\u00e1ctenos\r\n       <\/h4>\r\n       <p>Puedes contactar un area espec\u00edfica de tu inter\u00e9s, recibir\u00e1s respuesta a trav\u00e9s de tu correo electronico o via telefonica.<\/p> \r\n    <\/div>\r\n\r\n    \r\n\r\n    <div class=\"link centered\">\r\n        <a href=\"http:\/\/www.esehospitalcimitarra.gov.co\/index.php\/contactenos\/\" Contactenos target=\"\" class=\"btn btn-xs btn-secondary\"><strong>m\u00e1s<\/strong><\/a>\r\n    <\/div>\r\n\r\n  <\/div>\r\n\r\n<\/div>\r\n\r\n<!-- END======================= TEASER BOX ==========================-->[\/vc_column][\/vc_row]\t\t\t\t\t\t\t\t<\/div>\n\t\t\t\t<\/div>\n\t\t\t\t\t<\/div>\n\t\t<\/div>\n\t\t\t\t\t<\/div>\n\t\t<\/section>\n\t\t\t\t<\/div>\n\t\t","protected":false},"excerpt":{"rendered":"<p>[vc_row full_width=&#8221;0&#8243; full_height=&#8221;0&#8243; row_padding=&#8221;no_padding&#8221; cols_padding=&#8221;no_cols_padding&#8221; elevate=&#8221;elevate&#8221; background=&#8221;transparent&#8221; el_class=&#8221;folded_section&#8221;][vc_column width=&#8221;1\/4&#8243; color_set=&#8221;dark_section&#8221; background=&#8221;transparent&#8221; offset=&#8221;vc_col-xs-6&#8243;][\/vc_column][vc_column width=&#8221;1\/4&#8243; color_set=&#8221;skincolored_section&#8221; background=&#8221;transparent&#8221; offset=&#8221;vc_col-xs-6&#8243;][\/vc_column][vc_column width=&#8221;1\/4&#8243; color_set=&#8221;dark_section&#8221; offset=&#8221;vc_col-xs-6&#8243;][\/vc_column][vc_column width=&#8221;1\/4&#8243; color_set=&#8221;skincolored_section&#8221; background=&#8221;transparent&#8221; offset=&#8221;vc_col-xs-6&#8243;][\/vc_column][\/vc_row]<\/p>\n","protected":false},"author":1,"featured_media":0,"parent":0,"menu_order":0,"comment_status":"closed","ping_status":"closed","template":"","meta":{"footnotes":""},"class_list":["post-107","page","type-page","status-publish","hentry"],"_links":{"self":[{"href":"https:\/\/www.esehospitalcimitarra.gov.co\/index.php\/wp-json\/wp\/v2\/pages\/107","targetHints":{"allow":["GET"]}}],"collection":[{"href":"https:\/\/www.esehospitalcimitarra.gov.co\/index.php\/wp-json\/wp\/v2\/pages"}],"about":[{"href":"https:\/\/www.esehospitalcimitarra.gov.co\/index.php\/wp-json\/wp\/v2\/types\/page"}],"author":[{"embeddable":true,"href":"https:\/\/www.esehospitalcimitarra.gov.co\/index.php\/wp-json\/wp\/v2\/users\/1"}],"replies":[{"embeddable":true,"href":"https:\/\/www.esehospitalcimitarra.gov.co\/index.php\/wp-json\/wp\/v2\/comments?post=107"}],"version-history":[{"count":15,"href":"https:\/\/www.esehospitalcimitarra.gov.co\/index.php\/wp-json\/wp\/v2\/pages\/107\/revisions"}],"predecessor-version":[{"id":5363,"href":"https:\/\/www.esehospitalcimitarra.gov.co\/index.php\/wp-json\/wp\/v2\/pages\/107\/revisions\/5363"}],"wp:attachment":[{"href":"https:\/\/www.esehospitalcimitarra.gov.co\/index.php\/wp-json\/wp\/v2\/media?parent=107"}],"curies":[{"name":"wp","href":"https:\/\/api.w.org\/{rel}","templated":true}]}}