{"id":3577,"date":"2023-08-28T08:51:06","date_gmt":"2023-08-28T13:51:06","guid":{"rendered":"http:\/\/www.esehospitalcimitarra.gov.co\/?page_id=3577"},"modified":"2023-08-28T09:06:04","modified_gmt":"2023-08-28T14:06:04","slug":"citas","status":"publish","type":"page","link":"https:\/\/www.esehospitalcimitarra.gov.co\/index.php\/citas\/","title":{"rendered":"CITAS"},"content":{"rendered":"\n<p>Puedes solicitar tu cita ingresando tus datos en el siguiente formulario. Recibir\u00e1s respuesta a trav\u00e9s de tu correo electr\u00f3nico.<\/p>\n\n\n<div class=\"wpforms-container wpforms-container-full wpforms-block\" id=\"wpforms-3579\"><form id=\"wpforms-form-3579\" class=\"wpforms-validate wpforms-form\" data-formid=\"3579\" method=\"post\" enctype=\"multipart\/form-data\" action=\"\/index.php\/wp-json\/wp\/v2\/pages\/3577\" data-token=\"b552dc654ab9f8a589256000b94ae3ef\" data-token-time=\"1778070661\"><noscript class=\"wpforms-error-noscript\">Por favor, activa JavaScript en tu navegador para completar este formulario.<\/noscript><div class=\"wpforms-field-container\"><div id=\"wpforms-3579-field_1-container\" class=\"wpforms-field wpforms-field-name\" data-field-id=\"1\"><label class=\"wpforms-field-label\" for=\"wpforms-3579-field_1\">Nombres <span class=\"wpforms-required-label\">*<\/span><\/label><input type=\"text\" id=\"wpforms-3579-field_1\" class=\"wpforms-field-medium wpforms-field-required\" name=\"wpforms[fields][1]\" required><\/div><div id=\"wpforms-3579-field_5-container\" class=\"wpforms-field wpforms-field-name\" data-field-id=\"5\"><label class=\"wpforms-field-label\" for=\"wpforms-3579-field_5\">Apellidos <span class=\"wpforms-required-label\">*<\/span><\/label><input type=\"text\" id=\"wpforms-3579-field_5\" class=\"wpforms-field-medium wpforms-field-required\" name=\"wpforms[fields][5]\" required><\/div><div id=\"wpforms-3579-field_4-container\" class=\"wpforms-field wpforms-field-number\" data-field-id=\"4\"><label class=\"wpforms-field-label\" for=\"wpforms-3579-field_4\">Cedula <span class=\"wpforms-required-label\">*<\/span><\/label><input type=\"number\" id=\"wpforms-3579-field_4\" class=\"wpforms-field-medium wpforms-field-required\" name=\"wpforms[fields][4]\" step=\"any\" required><\/div><div id=\"wpforms-3579-field_9-container\" class=\"wpforms-field wpforms-field-name\" data-field-id=\"9\"><label class=\"wpforms-field-label\" for=\"wpforms-3579-field_9\">EPS Actual <span class=\"wpforms-required-label\">*<\/span><\/label><input type=\"text\" id=\"wpforms-3579-field_9\" class=\"wpforms-field-medium wpforms-field-required\" name=\"wpforms[fields][9]\" required><\/div><div id=\"wpforms-3579-field_8-container\" class=\"wpforms-field wpforms-field-text\" data-field-id=\"8\"><label class=\"wpforms-field-label\" for=\"wpforms-3579-field_8\">Direcci\u00f3n<\/label><input type=\"text\" id=\"wpforms-3579-field_8\" class=\"wpforms-field-medium\" name=\"wpforms[fields][8]\" ><\/div><div id=\"wpforms-3579-field_3-container\" class=\"wpforms-field wpforms-field-number\" data-field-id=\"3\"><label class=\"wpforms-field-label\" for=\"wpforms-3579-field_3\">Telefono <span class=\"wpforms-required-label\">*<\/span><\/label><input type=\"number\" id=\"wpforms-3579-field_3\" class=\"wpforms-field-medium wpforms-field-required\" name=\"wpforms[fields][3]\" step=\"any\" required><\/div><div id=\"wpforms-3579-field_2-container\" class=\"wpforms-field wpforms-field-email\" data-field-id=\"2\"><label class=\"wpforms-field-label\" for=\"wpforms-3579-field_2\">Email <span class=\"wpforms-required-label\">*<\/span><\/label><input type=\"email\" id=\"wpforms-3579-field_2\" class=\"wpforms-field-medium wpforms-field-required\" name=\"wpforms[fields][2]\" spellcheck=\"false\" required><\/div><div id=\"wpforms-3579-field_7-container\" class=\"wpforms-field wpforms-field-text\" data-field-id=\"7\"><label class=\"wpforms-field-label\" for=\"wpforms-3579-field_7\">Asunto<\/label><input type=\"text\" id=\"wpforms-3579-field_7\" class=\"wpforms-field-medium\" name=\"wpforms[fields][7]\" placeholder=\"Solicitud Cita Medica\" ><\/div><div id=\"wpforms-3579-field_11-container\" class=\"wpforms-field wpforms-field-radio\" data-field-id=\"11\"><label class=\"wpforms-field-label\">Tipo Cita  <span class=\"wpforms-required-label\">*<\/span><\/label><ul id=\"wpforms-3579-field_11\" class=\"wpforms-field-required\"><li class=\"choice-1 depth-1\"><input type=\"radio\" id=\"wpforms-3579-field_11_1\" name=\"wpforms[fields][11]\" value=\"Cita Medicina General\" required ><label class=\"wpforms-field-label-inline\" for=\"wpforms-3579-field_11_1\">Cita Medicina General<\/label><\/li><li class=\"choice-2 depth-1\"><input type=\"radio\" id=\"wpforms-3579-field_11_2\" name=\"wpforms[fields][11]\" value=\"Cita Odontologica\" required ><label class=\"wpforms-field-label-inline\" for=\"wpforms-3579-field_11_2\">Cita Odontologica<\/label><\/li><\/ul><\/div><div id=\"wpforms-3579-field_6-container\" class=\"wpforms-field wpforms-field-textarea\" data-field-id=\"6\"><label class=\"wpforms-field-label\" for=\"wpforms-3579-field_6\">Mensaje <span class=\"wpforms-required-label\">*<\/span><\/label><textarea id=\"wpforms-3579-field_6\" class=\"wpforms-field-medium wpforms-field-required\" name=\"wpforms[fields][6]\" required><\/textarea><div class=\"wpforms-field-description\">Describa brevemente el motivo de la solicitud de la cita.<\/div><\/div><\/div><!-- .wpforms-field-container --><div class=\"wpforms-field wpforms-field-hp\"><label for=\"wpforms-3579-field-hp\" class=\"wpforms-field-label\">Comment<\/label><input type=\"text\" name=\"wpforms[hp]\" id=\"wpforms-3579-field-hp\" class=\"wpforms-field-medium\"><\/div><div class=\"wpforms-submit-container\" ><input type=\"hidden\" name=\"wpforms[id]\" value=\"3579\"><input type=\"hidden\" name=\"page_title\" value=\"\"><input type=\"hidden\" name=\"page_url\" value=\"https:\/\/www.esehospitalcimitarra.gov.co\/index.php\/wp-json\/wp\/v2\/pages\/3577\"><input type=\"hidden\" name=\"url_referer\" value=\"\"><button type=\"submit\" name=\"wpforms[submit]\" id=\"wpforms-submit-3579\" class=\"wpforms-submit\" data-alt-text=\"Enviando...\" data-submit-text=\"Enviar\" aria-live=\"assertive\" value=\"wpforms-submit\">Enviar<\/button><\/div><\/form><\/div>  <!-- .wpforms-container -->","protected":false},"excerpt":{"rendered":"<p>Puedes solicitar tu cita ingresando tus datos en el siguiente formulario. Recibir\u00e1s respuesta a trav\u00e9s de tu correo electr\u00f3nico.<\/p>\n","protected":false},"author":1,"featured_media":0,"parent":0,"menu_order":0,"comment_status":"closed","ping_status":"closed","template":"","meta":{"footnotes":""},"class_list":["post-3577","page","type-page","status-publish","hentry"],"_links":{"self":[{"href":"https:\/\/www.esehospitalcimitarra.gov.co\/index.php\/wp-json\/wp\/v2\/pages\/3577","targetHints":{"allow":["GET"]}}],"collection":[{"href":"https:\/\/www.esehospitalcimitarra.gov.co\/index.php\/wp-json\/wp\/v2\/pages"}],"about":[{"href":"https:\/\/www.esehospitalcimitarra.gov.co\/index.php\/wp-json\/wp\/v2\/types\/page"}],"author":[{"embeddable":true,"href":"https:\/\/www.esehospitalcimitarra.gov.co\/index.php\/wp-json\/wp\/v2\/users\/1"}],"replies":[{"embeddable":true,"href":"https:\/\/www.esehospitalcimitarra.gov.co\/index.php\/wp-json\/wp\/v2\/comments?post=3577"}],"version-history":[{"count":3,"href":"https:\/\/www.esehospitalcimitarra.gov.co\/index.php\/wp-json\/wp\/v2\/pages\/3577\/revisions"}],"predecessor-version":[{"id":3581,"href":"https:\/\/www.esehospitalcimitarra.gov.co\/index.php\/wp-json\/wp\/v2\/pages\/3577\/revisions\/3581"}],"wp:attachment":[{"href":"https:\/\/www.esehospitalcimitarra.gov.co\/index.php\/wp-json\/wp\/v2\/media?parent=3577"}],"curies":[{"name":"wp","href":"https:\/\/api.w.org\/{rel}","templated":true}]}}