{"id":3586,"date":"2023-08-29T21:18:19","date_gmt":"2023-08-30T02:18:19","guid":{"rendered":"http:\/\/www.esehospitalcimitarra.gov.co\/?page_id=3586"},"modified":"2024-09-03T10:54:12","modified_gmt":"2024-09-03T15:54:12","slug":"historias-clinicas","status":"publish","type":"page","link":"https:\/\/www.esehospitalcimitarra.gov.co\/index.php\/historias-clinicas\/","title":{"rendered":"Historias Clinicas"},"content":{"rendered":"\n<p>Puedes solicitar copia de su historia cl\u00ednica ingresando sus datos en el siguiente formulario, una vez diligenciado este formulario debe enviar copia del documento de identificaci\u00f3n del solicitante y del paciente al correo estadistica@esehospitalcimitarra.gov.co y Recibir\u00e1 respuesta a trav\u00e9s de su correo electr\u00f3nico.<\/p>\n\n\n<div class=\"wpforms-container wpforms-container-full wpforms-block\" id=\"wpforms-3585\"><form id=\"wpforms-form-3585\" class=\"wpforms-validate wpforms-form\" data-formid=\"3585\" method=\"post\" enctype=\"multipart\/form-data\" action=\"\/index.php\/wp-json\/wp\/v2\/pages\/3586\" data-token=\"e789052ee6290127a5d322621c69fc2d\" data-token-time=\"1778070660\"><noscript class=\"wpforms-error-noscript\">Por favor, activa JavaScript en tu navegador para completar este formulario.<\/noscript><div class=\"wpforms-field-container\"><div id=\"wpforms-3585-field_1-container\" class=\"wpforms-field wpforms-field-name\" data-field-id=\"1\"><label class=\"wpforms-field-label\" for=\"wpforms-3585-field_1\">Nombres <span class=\"wpforms-required-label\">*<\/span><\/label><input type=\"text\" id=\"wpforms-3585-field_1\" class=\"wpforms-field-medium wpforms-field-required\" name=\"wpforms[fields][1]\" required><\/div><div id=\"wpforms-3585-field_5-container\" class=\"wpforms-field wpforms-field-name\" data-field-id=\"5\"><label class=\"wpforms-field-label\" for=\"wpforms-3585-field_5\">Apellidos <span class=\"wpforms-required-label\">*<\/span><\/label><input type=\"text\" id=\"wpforms-3585-field_5\" class=\"wpforms-field-medium wpforms-field-required\" name=\"wpforms[fields][5]\" required><\/div><div id=\"wpforms-3585-field_10-container\" class=\"wpforms-field wpforms-field-radio\" data-field-id=\"10\"><label class=\"wpforms-field-label\">Tipo Identificaci\u00f3n de quien solicita.<\/label><ul id=\"wpforms-3585-field_10\"><li class=\"choice-1 depth-1\"><input type=\"radio\" id=\"wpforms-3585-field_10_1\" name=\"wpforms[fields][10]\" value=\"Cedula De Ciudadania\"  ><label class=\"wpforms-field-label-inline\" for=\"wpforms-3585-field_10_1\">Cedula De Ciudadania<\/label><\/li><li class=\"choice-2 depth-1\"><input type=\"radio\" id=\"wpforms-3585-field_10_2\" name=\"wpforms[fields][10]\" value=\"Cedula de Extranjeria\"  ><label class=\"wpforms-field-label-inline\" for=\"wpforms-3585-field_10_2\">Cedula de Extranjeria<\/label><\/li><li class=\"choice-3 depth-1\"><input type=\"radio\" id=\"wpforms-3585-field_10_3\" name=\"wpforms[fields][10]\" value=\"Permiso De Protecci\u00f3n Temporal\"  ><label class=\"wpforms-field-label-inline\" for=\"wpforms-3585-field_10_3\">Permiso De Protecci\u00f3n Temporal<\/label><\/li><li class=\"choice-4 depth-1\"><input type=\"radio\" id=\"wpforms-3585-field_10_4\" name=\"wpforms[fields][10]\" value=\"Permiso Especial De Permanencia\"  ><label class=\"wpforms-field-label-inline\" for=\"wpforms-3585-field_10_4\">Permiso Especial De Permanencia<\/label><\/li><li class=\"choice-5 depth-1\"><input type=\"radio\" id=\"wpforms-3585-field_10_5\" name=\"wpforms[fields][10]\" value=\"Documento Extranjero\"  ><label class=\"wpforms-field-label-inline\" for=\"wpforms-3585-field_10_5\">Documento Extranjero<\/label><\/li><\/ul><\/div><div id=\"wpforms-3585-field_4-container\" class=\"wpforms-field wpforms-field-number\" data-field-id=\"4\"><label class=\"wpforms-field-label\" for=\"wpforms-3585-field_4\">Numero Identificacion <span class=\"wpforms-required-label\">*<\/span><\/label><input type=\"number\" id=\"wpforms-3585-field_4\" class=\"wpforms-field-medium wpforms-field-required\" name=\"wpforms[fields][4]\" step=\"any\" required><\/div><div id=\"wpforms-3585-field_3-container\" class=\"wpforms-field wpforms-field-number\" data-field-id=\"3\"><label class=\"wpforms-field-label\" for=\"wpforms-3585-field_3\">Telefono <span class=\"wpforms-required-label\">*<\/span><\/label><input type=\"number\" id=\"wpforms-3585-field_3\" class=\"wpforms-field-medium wpforms-field-required\" name=\"wpforms[fields][3]\" step=\"any\" required><\/div><div id=\"wpforms-3585-field_2-container\" class=\"wpforms-field wpforms-field-email\" data-field-id=\"2\"><label class=\"wpforms-field-label\" for=\"wpforms-3585-field_2\">Email <span class=\"wpforms-required-label\">*<\/span><\/label><input type=\"email\" id=\"wpforms-3585-field_2\" class=\"wpforms-field-medium wpforms-field-required\" name=\"wpforms[fields][2]\" spellcheck=\"false\" required><\/div><div id=\"wpforms-3585-field_7-container\" class=\"wpforms-field wpforms-field-text\" data-field-id=\"7\"><label class=\"wpforms-field-label\" for=\"wpforms-3585-field_7\">Asunto<\/label><input type=\"text\" id=\"wpforms-3585-field_7\" class=\"wpforms-field-medium\" name=\"wpforms[fields][7]\" placeholder=\"Solicitud Copia Historia Clinica\" ><\/div><div id=\"wpforms-3585-field_6-container\" class=\"wpforms-field wpforms-field-textarea\" data-field-id=\"6\"><label class=\"wpforms-field-label\" for=\"wpforms-3585-field_6\">Mensaje <span class=\"wpforms-required-label\">*<\/span><\/label><textarea id=\"wpforms-3585-field_6\" class=\"wpforms-field-medium wpforms-field-required\" name=\"wpforms[fields][6]\" required><\/textarea><div class=\"wpforms-field-description\">Describa brevemente el motivo de la solicitud de la copia de la historia cl\u00ednica.<\/div><\/div><\/div><!-- .wpforms-field-container --><div class=\"wpforms-field wpforms-field-hp\"><label for=\"wpforms-3585-field-hp\" class=\"wpforms-field-label\">Website<\/label><input type=\"text\" name=\"wpforms[hp]\" id=\"wpforms-3585-field-hp\" class=\"wpforms-field-medium\"><\/div><div class=\"wpforms-submit-container\" ><input type=\"hidden\" name=\"wpforms[id]\" value=\"3585\"><input type=\"hidden\" name=\"page_title\" value=\"\"><input type=\"hidden\" name=\"page_url\" value=\"https:\/\/www.esehospitalcimitarra.gov.co\/index.php\/wp-json\/wp\/v2\/pages\/3586\"><input type=\"hidden\" name=\"url_referer\" value=\"\"><button type=\"submit\" name=\"wpforms[submit]\" id=\"wpforms-submit-3585\" class=\"wpforms-submit\" data-alt-text=\"Enviando...\" data-submit-text=\"Enviar\" aria-live=\"assertive\" value=\"wpforms-submit\">Enviar<\/button><\/div><\/form><\/div>  <!-- .wpforms-container -->","protected":false},"excerpt":{"rendered":"<p>Puedes solicitar copia de su historia cl\u00ednica ingresando sus datos en el siguiente formulario, una vez diligenciado este formulario debe enviar copia del documento de identificaci\u00f3n del solicitante y del [&hellip;]<\/p>\n","protected":false},"author":1,"featured_media":0,"parent":0,"menu_order":0,"comment_status":"closed","ping_status":"closed","template":"","meta":{"footnotes":""},"class_list":["post-3586","page","type-page","status-publish","hentry"],"_links":{"self":[{"href":"https:\/\/www.esehospitalcimitarra.gov.co\/index.php\/wp-json\/wp\/v2\/pages\/3586","targetHints":{"allow":["GET"]}}],"collection":[{"href":"https:\/\/www.esehospitalcimitarra.gov.co\/index.php\/wp-json\/wp\/v2\/pages"}],"about":[{"href":"https:\/\/www.esehospitalcimitarra.gov.co\/index.php\/wp-json\/wp\/v2\/types\/page"}],"author":[{"embeddable":true,"href":"https:\/\/www.esehospitalcimitarra.gov.co\/index.php\/wp-json\/wp\/v2\/users\/1"}],"replies":[{"embeddable":true,"href":"https:\/\/www.esehospitalcimitarra.gov.co\/index.php\/wp-json\/wp\/v2\/comments?post=3586"}],"version-history":[{"count":2,"href":"https:\/\/www.esehospitalcimitarra.gov.co\/index.php\/wp-json\/wp\/v2\/pages\/3586\/revisions"}],"predecessor-version":[{"id":3588,"href":"https:\/\/www.esehospitalcimitarra.gov.co\/index.php\/wp-json\/wp\/v2\/pages\/3586\/revisions\/3588"}],"wp:attachment":[{"href":"https:\/\/www.esehospitalcimitarra.gov.co\/index.php\/wp-json\/wp\/v2\/media?parent=3586"}],"curies":[{"name":"wp","href":"https:\/\/api.w.org\/{rel}","templated":true}]}}