{"id":4062,"date":"2024-05-30T15:51:34","date_gmt":"2024-05-30T20:51:34","guid":{"rendered":"http:\/\/www.esehospitalcimitarra.gov.co\/?page_id=4062"},"modified":"2024-05-30T16:17:32","modified_gmt":"2024-05-30T21:17:32","slug":"mipg-2024","status":"publish","type":"page","link":"https:\/\/www.esehospitalcimitarra.gov.co\/index.php\/mipg-2024\/","title":{"rendered":"MIPG 2024"},"content":{"rendered":"\t\t<div data-elementor-type=\"wp-page\" data-elementor-id=\"4062\" class=\"elementor elementor-4062\">\n\t\t\t\t\t\t<section class=\"elementor-section elementor-top-section elementor-element elementor-element-56d4e287 elementor-section-boxed elementor-section-height-default elementor-section-height-default\" data-id=\"56d4e287\" data-element_type=\"section\" data-e-type=\"section\">\n\t\t\t\t\t\t<div class=\"elementor-container elementor-column-gap-default\">\n\t\t\t\t\t<div class=\"elementor-column elementor-col-100 elementor-top-column elementor-element elementor-element-54e5495f\" data-id=\"54e5495f\" data-element_type=\"column\" data-e-type=\"column\">\n\t\t\t<div class=\"elementor-widget-wrap elementor-element-populated\">\n\t\t\t\t\t\t<div class=\"elementor-element elementor-element-43184941 elementor-widget elementor-widget-text-editor\" data-id=\"43184941\" data-element_type=\"widget\" data-e-type=\"widget\" data-widget_type=\"text-editor.default\">\n\t\t\t\t<div class=\"elementor-widget-container\">\n\t\t\t\t\t\t\t\t\t<p>[vc_row][vc_column][vc_column_text]<\/p><h1 style=\"margin-top: 0px; color: #7a7a7a; text-align: center;\"><span style=\"margin-bottom: 0px; vertical-align: inherit;\">MIPG \u2013 INFORMES 2024<\/span><\/h1><ul><li><h2><a href=\"http:\/\/www.esehospitalcimitarra.gov.co\/wp-content\/uploads\/2024\/05\/Plan-de-Preservacion-Digital-2024.pdf\">Plan de Preservaci\u00f3n Digital 2024<\/a><\/h2><\/li><li><h2><a href=\"http:\/\/www.esehospitalcimitarra.gov.co\/wp-content\/uploads\/2024\/05\/Plan-de-Seguridad-y-Privacidad-de-la-Informacion-2024.pdf\">Plan de Seguridad y Privacidad de la Informaci\u00f3n 2024<\/a><\/h2><\/li><li><h2><a href=\"http:\/\/www.esehospitalcimitarra.gov.co\/wp-content\/uploads\/2024\/05\/Plan-de-Tratamiento-Riesgo-Seguridad-y-Privacidad-2024.pdf\">Plan de Tratamiento Riesgo Seguridad y Privacidad 2024<\/a><\/h2><\/li><li><h2><a href=\"http:\/\/www.esehospitalcimitarra.gov.co\/wp-content\/uploads\/2024\/05\/Plan-Estrategico-de-Tecnologias-PETIC-2024.pdf\">Plan Estrat\u00e9gico de Tecnolog\u00edas PETIC 2024<\/a><\/h2><\/li><li><h2><a href=\"http:\/\/www.esehospitalcimitarra.gov.co\/wp-content\/uploads\/2024\/05\/Plan-de-Conservacion-Documental-2024.pdf\">Plan de Conservaci\u00f3n Documental 2024<\/a><\/h2><\/li><li><h2><a href=\"http:\/\/www.esehospitalcimitarra.gov.co\/wp-content\/uploads\/2024\/05\/Plan-Institucional-Archivo-PINAR-2024.pdf\">Plan Institucional Archivo PINAR 2024<\/a><\/h2><\/li><li><h2><a href=\"http:\/\/www.esehospitalcimitarra.gov.co\/wp-content\/uploads\/2024\/05\/Plan-Anual-de-Vacantes-2024.pdf\">Plan Anual de Vacantes 2024<\/a><\/h2><\/li><li><h2><a href=\"http:\/\/www.esehospitalcimitarra.gov.co\/wp-content\/uploads\/2024\/05\/Plan-Estrategico-de-Talento-Humano-2024.pdf\">Plan Estrat\u00e9gico de Talento Humano 2024<\/a><\/h2><\/li><li><h2><a href=\"http:\/\/www.esehospitalcimitarra.gov.co\/wp-content\/uploads\/2024\/05\/Plan-Institucional-Capacitacion-2024.pdf\">Plan Institucional Capacitaci\u00f3n 2024<\/a><\/h2><\/li><li><h2><a href=\"http:\/\/www.esehospitalcimitarra.gov.co\/wp-content\/uploads\/2024\/05\/Plan-de-Prevision-Recursos-Humanos-2024.pdf\">Plan de Previsi\u00f3n Recursos Humanos 2024<\/a><\/h2><\/li><li><h2><a href=\"http:\/\/www.esehospitalcimitarra.gov.co\/wp-content\/uploads\/2024\/05\/Plan-de-Accion-2024.pdf\">Plan de Acci\u00f3n 2024<\/a><\/h2><\/li><li><h2><a href=\"http:\/\/www.esehospitalcimitarra.gov.co\/wp-content\/uploads\/2024\/05\/Plan-Anticorrupcion-y-Atencion-al-Ciudadano-2024.pdf\">Plan Anticorrupci\u00f3n y Atenci\u00f3n al Ciudadano 2024<\/a><\/h2><\/li><li><h2><a href=\"http:\/\/www.esehospitalcimitarra.gov.co\/wp-content\/uploads\/2024\/05\/Plan-de-Incentivos-Institucionales-2024.pdf\">Plan de Incentivos Institucionales 2024<\/a><\/h2><\/li><\/ul><div><span style=\"margin-bottom: 0px; vertical-align: inherit;\">\u00a0<\/span><\/div><p>[\/vc_column_text][\/vc_column][\/vc_row]<\/p>\t\t\t\t\t\t\t\t<\/div>\n\t\t\t\t<\/div>\n\t\t\t\t\t<\/div>\n\t\t<\/div>\n\t\t\t\t\t<\/div>\n\t\t<\/section>\n\t\t\t\t<\/div>\n\t\t","protected":false},"excerpt":{"rendered":"<p>[vc_row][vc_column][vc_column_text] MIPG \u2013 INFORMES 2024 Plan de Preservaci\u00f3n Digital 2024 Plan de Seguridad y Privacidad de la Informaci\u00f3n 2024 Plan de Tratamiento Riesgo Seguridad y Privacidad 2024 Plan Estrat\u00e9gico de [&hellip;]<\/p>\n","protected":false},"author":1,"featured_media":0,"parent":0,"menu_order":0,"comment_status":"closed","ping_status":"closed","template":"","meta":{"footnotes":""},"class_list":["post-4062","page","type-page","status-publish","hentry"],"_links":{"self":[{"href":"https:\/\/www.esehospitalcimitarra.gov.co\/index.php\/wp-json\/wp\/v2\/pages\/4062","targetHints":{"allow":["GET"]}}],"collection":[{"href":"https:\/\/www.esehospitalcimitarra.gov.co\/index.php\/wp-json\/wp\/v2\/pages"}],"about":[{"href":"https:\/\/www.esehospitalcimitarra.gov.co\/index.php\/wp-json\/wp\/v2\/types\/page"}],"author":[{"embeddable":true,"href":"https:\/\/www.esehospitalcimitarra.gov.co\/index.php\/wp-json\/wp\/v2\/users\/1"}],"replies":[{"embeddable":true,"href":"https:\/\/www.esehospitalcimitarra.gov.co\/index.php\/wp-json\/wp\/v2\/comments?post=4062"}],"version-history":[{"count":19,"href":"https:\/\/www.esehospitalcimitarra.gov.co\/index.php\/wp-json\/wp\/v2\/pages\/4062\/revisions"}],"predecessor-version":[{"id":4105,"href":"https:\/\/www.esehospitalcimitarra.gov.co\/index.php\/wp-json\/wp\/v2\/pages\/4062\/revisions\/4105"}],"wp:attachment":[{"href":"https:\/\/www.esehospitalcimitarra.gov.co\/index.php\/wp-json\/wp\/v2\/media?parent=4062"}],"curies":[{"name":"wp","href":"https:\/\/api.w.org\/{rel}","templated":true}]}}