{"id":4802,"date":"2025-01-31T17:15:40","date_gmt":"2025-01-31T22:15:40","guid":{"rendered":"http:\/\/www.esehospitalcimitarra.gov.co\/?page_id=4802"},"modified":"2026-04-07T16:11:38","modified_gmt":"2026-04-07T21:11:38","slug":"planes-institucionales-2025","status":"publish","type":"page","link":"https:\/\/www.esehospitalcimitarra.gov.co\/index.php\/planes-institucionales-2025\/","title":{"rendered":"PLANES INSTITUCIONALES 2025"},"content":{"rendered":"<ul>\n<li style=\"color: #2c363a; font-family: Verdana, Geneva, sans-serif; font-size: 13.3333px; margin-left: 15px;\">\n<h2><a href=\"http:\/\/www.esehospitalcimitarra.gov.co\/wp-content\/uploads\/2025\/01\/RESOLUCION-ADOPCION-DE-PLANES-ESTRATEGICOS-1.pdf\">Resoluci\u00f3n adopci\u00f3n de planes estrat\u00e9gicos\u00a0<\/a><\/h2>\n<\/li>\n<li style=\"color: #2c363a; font-family: Verdana, Geneva, sans-serif; font-size: 13.3333px; margin-left: 15px;\">\n<h2><a href=\"http:\/\/www.esehospitalcimitarra.gov.co\/wp-content\/uploads\/2025\/01\/1.-Plan-Institucional-de-Archivos-de-la-entidad-PINAR.pdf\">Plan Institucional de Archivo<\/a><\/h2>\n<\/li>\n<li style=\"color: #2c363a; font-family: Verdana, Geneva, sans-serif; font-size: 13.3333px; margin-left: 15px;\">\n<h2><a href=\"http:\/\/www.esehospitalcimitarra.gov.co\/wp-content\/uploads\/2025\/01\/2.-Plan-conservaci\u00f3n-documentos.pdf\">Plan de conservaci\u00f3n documental<\/a><\/h2>\n<\/li>\n<li style=\"color: #2c363a; font-family: Verdana, Geneva, sans-serif; font-size: 13.3333px; margin-left: 15px;\">\n<h2><a href=\"http:\/\/www.esehospitalcimitarra.gov.co\/wp-content\/uploads\/2025\/01\/3.-Plan-de-preservaci\u00f3n-digital.pdf\">Plan de preservaci\u00f3n digital<\/a><\/h2>\n<\/li>\n<li style=\"color: #2c363a; font-family: Verdana, Geneva, sans-serif; font-size: 13.3333px; margin-left: 15px;\">\n<h2><a href=\"http:\/\/www.esehospitalcimitarra.gov.co\/wp-content\/uploads\/2025\/01\/4.-Plan-Estrategico-de-las-tecnolog\u00edas-de-la-Informaci\u00f3n-y-las-comunicaciones.pdf\">Plan estrat\u00e9gico PETIC<\/a><\/h2>\n<\/li>\n<li style=\"color: #2c363a; font-family: Verdana, Geneva, sans-serif; font-size: 13.3333px; margin-left: 15px;\">\n<h2><a href=\"http:\/\/www.esehospitalcimitarra.gov.co\/wp-content\/uploads\/2025\/01\/5.-Plan-de-tratamiento-de-riesgos-de-seguridad-y-privacidad.pdf\">Plan de tratamiento de riesgos de seguridad y privacidad de la informaci\u00f3n<\/a><\/h2>\n<\/li>\n<li style=\"color: #2c363a; font-family: Verdana, Geneva, sans-serif; font-size: 13.3333px; margin-left: 15px;\">\n<h2><a href=\"http:\/\/www.esehospitalcimitarra.gov.co\/wp-content\/uploads\/2025\/01\/6.-PLAN-DE-SEGURIDAD-Y-PRIVACIDAD-DE-LA-INFORMACI\u00d3N.pdf\">Plan de seguridad y privacidad de la informaci\u00f3n<\/a><\/h2>\n<\/li>\n<li style=\"color: #2c363a; font-family: Verdana, Geneva, sans-serif; font-size: 13.3333px; margin-left: 15px;\">\n<h2><a href=\"http:\/\/www.esehospitalcimitarra.gov.co\/wp-content\/uploads\/2025\/01\/7.-Plan-anticorrupci\u00f3n-y-atenci\u00f3n-al-ciudadano.pdf\">Plan anticorrupci\u00f3n y atenci\u00f3n al ciudadano<\/a><\/h2>\n<\/li>\n<li style=\"color: #2c363a; font-family: Verdana, Geneva, sans-serif; font-size: 13.3333px; margin-left: 15px;\">\n<h2><a href=\"http:\/\/www.esehospitalcimitarra.gov.co\/wp-content\/uploads\/2025\/01\/8.-Plan-de-Acci\u00f3n.pdf\">Plan de acci\u00f3n<\/a><\/h2>\n<\/li>\n<li style=\"color: #2c363a; font-family: Verdana, Geneva, sans-serif; font-size: 13.3333px; margin-left: 15px;\">\n<h2><a href=\"http:\/\/www.esehospitalcimitarra.gov.co\/wp-content\/uploads\/2025\/01\/9.-Plan-incentivos-Institucionales.pdf\">Plan de incentivos institucionales<\/a><\/h2>\n<\/li>\n<li style=\"color: #2c363a; font-family: Verdana, Geneva, sans-serif; font-size: 13.3333px; margin-left: 15px;\">\n<h2><a href=\"http:\/\/www.esehospitalcimitarra.gov.co\/wp-content\/uploads\/2025\/01\/10.-Plan-de-previsi\u00f3n-de-recursos-humanos.pdf\">Plan de previsi\u00f3n de recursos humanos<\/a><\/h2>\n<\/li>\n<li style=\"color: #2c363a; font-family: Verdana, Geneva, sans-serif; font-size: 13.3333px; margin-left: 15px;\">\n<h2><a href=\"http:\/\/www.esehospitalcimitarra.gov.co\/wp-content\/uploads\/2025\/01\/11.-Plan-Institucional-de-Capacitaci\u00f3n.pdf\">Plan institucional de capacitaciones<\/a><\/h2>\n<\/li>\n<li style=\"color: #2c363a; font-family: Verdana, Geneva, sans-serif; font-size: 13.3333px; margin-left: 15px;\">\n<h2><a href=\"http:\/\/www.esehospitalcimitarra.gov.co\/wp-content\/uploads\/2025\/01\/12.-Plan-Estrategico-de-Talento-Humano.pdf\">Plan estrat\u00e9gico de talento Humano<\/a><\/h2>\n<\/li>\n<li style=\"color: #2c363a; font-family: Verdana, Geneva, sans-serif; font-size: 13.3333px; margin-left: 15px;\">\n<h2><a href=\"http:\/\/www.esehospitalcimitarra.gov.co\/wp-content\/uploads\/2025\/01\/13.-Plan-anual-de-vacantes.pdf\">Plan de Vacantes<\/a><\/h2>\n<\/li>\n<li style=\"color: #2c363a; font-family: Verdana, Geneva, sans-serif; font-size: 13.3333px; margin-left: 15px;\">\n<h2><a href=\"http:\/\/www.esehospitalcimitarra.gov.co\/wp-content\/uploads\/2025\/01\/14.-PLAN-ANUAL-DE-AUDITORIAS-2025-ESE-CIMITARRA.pdf\">Plan anual de auditorias<\/a><\/h2>\n<\/li>\n<li style=\"color: #2c363a; font-family: Verdana, Geneva, sans-serif; font-size: 13.3333px; margin-left: 15px;\">\n<h2><a href=\"http:\/\/www.esehospitalcimitarra.gov.co\/wp-content\/uploads\/2025\/01\/15.-Plan-de-austeridad-gasto.pdf\">Plan anual de austeridad gasto publico<\/a><\/h2>\n<\/li>\n<li style=\"color: #2c363a; font-family: Verdana, Geneva, sans-serif; font-size: 13.3333px; margin-left: 15px;\">\n<h3><a href=\"http:\/\/www.esehospitalcimitarra.gov.co\/wp-content\/uploads\/2026\/03\/PLAN-ANUAL-DE-ADQUISICIONES-2025.xlsx\">PLAN ANUAL DE ADQUISICIONES 2025<\/a><\/h3>\n<\/li>\n<\/ul>\n","protected":false},"excerpt":{"rendered":"<p>Resoluci\u00f3n adopci\u00f3n de planes estrat\u00e9gicos\u00a0 Plan Institucional de Archivo Plan de conservaci\u00f3n documental Plan de preservaci\u00f3n digital Plan estrat\u00e9gico PETIC Plan de tratamiento de riesgos de seguridad y privacidad de [&hellip;]<\/p>\n","protected":false},"author":1,"featured_media":0,"parent":0,"menu_order":0,"comment_status":"closed","ping_status":"closed","template":"","meta":{"footnotes":""},"class_list":["post-4802","page","type-page","status-publish","hentry"],"_links":{"self":[{"href":"https:\/\/www.esehospitalcimitarra.gov.co\/index.php\/wp-json\/wp\/v2\/pages\/4802","targetHints":{"allow":["GET"]}}],"collection":[{"href":"https:\/\/www.esehospitalcimitarra.gov.co\/index.php\/wp-json\/wp\/v2\/pages"}],"about":[{"href":"https:\/\/www.esehospitalcimitarra.gov.co\/index.php\/wp-json\/wp\/v2\/types\/page"}],"author":[{"embeddable":true,"href":"https:\/\/www.esehospitalcimitarra.gov.co\/index.php\/wp-json\/wp\/v2\/users\/1"}],"replies":[{"embeddable":true,"href":"https:\/\/www.esehospitalcimitarra.gov.co\/index.php\/wp-json\/wp\/v2\/comments?post=4802"}],"version-history":[{"count":22,"href":"https:\/\/www.esehospitalcimitarra.gov.co\/index.php\/wp-json\/wp\/v2\/pages\/4802\/revisions"}],"predecessor-version":[{"id":5338,"href":"https:\/\/www.esehospitalcimitarra.gov.co\/index.php\/wp-json\/wp\/v2\/pages\/4802\/revisions\/5338"}],"wp:attachment":[{"href":"https:\/\/www.esehospitalcimitarra.gov.co\/index.php\/wp-json\/wp\/v2\/media?parent=4802"}],"curies":[{"name":"wp","href":"https:\/\/api.w.org\/{rel}","templated":true}]}}