{"id":600,"date":"2020-03-31T22:44:31","date_gmt":"2020-04-01T03:44:31","guid":{"rendered":"http:\/\/www.esehospitalcimitarra.gov.co\/?page_id=600"},"modified":"2020-04-10T20:20:06","modified_gmt":"2020-04-11T01:20:06","slug":"mision-y-vision","status":"publish","type":"page","link":"https:\/\/www.esehospitalcimitarra.gov.co\/index.php\/mision-y-vision\/","title":{"rendered":"Misi\u00f3n y Visi\u00f3n"},"content":{"rendered":"<p>[vc_row color_set=&#8221;light_section&#8221; full_width=&#8221;0&#8243; full_height=&#8221;0&#8243; sep_top=&#8221;separator_top sep_angled_negative_top&#8221; sep_bottom=&#8221;separator_bottom sep_angled_positive_bottom&#8221; particles=&#8221;0&#8243;][vc_column]<div class=\"section_header subtitle_bottom   fancy text-center\">\r\n\r\n    <h1 style=\"text-align: center;\">Misi\u00f3n<\/h1>\n\r\n\r\n        <p >Prestar los servicios de salud de primer nivel, para toda la comunidad del \u00e1rea de influencia, de conformidad con los lineamientos establecidos por el Sistema General de Seguridad Social en Salud, cumplidores de los principios de eficiencia, eficacia, oportunidad, accesibilidad y calidad, en la prestaci\u00f3n del servicio, contando con equipos y recurso humano debidamente capacitado y con un profundo sentido humano.<\/p>\r\n<\/div>[\/vc_column][\/vc_row][vc_row color_set=&#8221;secondary_section&#8221; full_width=&#8221;0&#8243; full_height=&#8221;0&#8243; particles=&#8221;0&#8243;][vc_column]<div class=\"section_header subtitle_bottom   fancy text-center\">\r\n\r\n    <h1 style=\"text-align: center;\">Visi\u00f3n<\/h1>\n\r\n\r\n        <p >Para el a\u00f1o 2030 seremos una Instituci\u00f3n de mayor nivel con infraestructura, dotaci\u00f3n y con tecnolog\u00eda de \u00faltima generaci\u00f3n. Con un servicio humanizado en la atenci\u00f3n segura al usuario y la familia. Ser\u00e1n la expresi\u00f3n de un sano equilibrio entre el balance social y econ\u00f3mico lo que dar\u00e1n la solidez estructural necesaria para adaptarse a los cambios del medio.<\/p>\r\n<\/div>[\/vc_column][\/vc_row]<\/p>\n","protected":false},"excerpt":{"rendered":"<p>[vc_row color_set=&#8221;light_section&#8221; full_width=&#8221;0&#8243; full_height=&#8221;0&#8243; sep_top=&#8221;separator_top sep_angled_negative_top&#8221; sep_bottom=&#8221;separator_bottom sep_angled_positive_bottom&#8221; particles=&#8221;0&#8243;][vc_column][\/vc_column][\/vc_row][vc_row color_set=&#8221;secondary_section&#8221; full_width=&#8221;0&#8243; full_height=&#8221;0&#8243; particles=&#8221;0&#8243;][vc_column][\/vc_column][\/vc_row]<\/p>\n","protected":false},"author":1,"featured_media":0,"parent":0,"menu_order":0,"comment_status":"closed","ping_status":"closed","template":"","meta":{"footnotes":""},"class_list":["post-600","page","type-page","status-publish","hentry"],"_links":{"self":[{"href":"https:\/\/www.esehospitalcimitarra.gov.co\/index.php\/wp-json\/wp\/v2\/pages\/600","targetHints":{"allow":["GET"]}}],"collection":[{"href":"https:\/\/www.esehospitalcimitarra.gov.co\/index.php\/wp-json\/wp\/v2\/pages"}],"about":[{"href":"https:\/\/www.esehospitalcimitarra.gov.co\/index.php\/wp-json\/wp\/v2\/types\/page"}],"author":[{"embeddable":true,"href":"https:\/\/www.esehospitalcimitarra.gov.co\/index.php\/wp-json\/wp\/v2\/users\/1"}],"replies":[{"embeddable":true,"href":"https:\/\/www.esehospitalcimitarra.gov.co\/index.php\/wp-json\/wp\/v2\/comments?post=600"}],"version-history":[{"count":10,"href":"https:\/\/www.esehospitalcimitarra.gov.co\/index.php\/wp-json\/wp\/v2\/pages\/600\/revisions"}],"predecessor-version":[{"id":632,"href":"https:\/\/www.esehospitalcimitarra.gov.co\/index.php\/wp-json\/wp\/v2\/pages\/600\/revisions\/632"}],"wp:attachment":[{"href":"https:\/\/www.esehospitalcimitarra.gov.co\/index.php\/wp-json\/wp\/v2\/media?parent=600"}],"curies":[{"name":"wp","href":"https:\/\/api.w.org\/{rel}","templated":true}]}}