{"id":736,"date":"2020-04-12T16:53:53","date_gmt":"2020-04-12T21:53:53","guid":{"rendered":"http:\/\/www.esehospitalcimitarra.gov.co\/?page_id=736"},"modified":"2026-04-30T09:25:36","modified_gmt":"2026-04-30T14:25:36","slug":"siau","status":"publish","type":"page","link":"https:\/\/www.esehospitalcimitarra.gov.co\/index.php\/siau\/","title":{"rendered":"SISTEMA DE ATENCION AL USUARIO (SIAU)"},"content":{"rendered":"\t\t<div data-elementor-type=\"wp-page\" data-elementor-id=\"736\" class=\"elementor elementor-736\">\n\t\t\t\t\t\t<section class=\"elementor-section elementor-top-section elementor-element elementor-element-188772fb elementor-section-boxed elementor-section-height-default elementor-section-height-default\" data-id=\"188772fb\" data-element_type=\"section\" data-e-type=\"section\">\n\t\t\t\t\t\t<div class=\"elementor-container elementor-column-gap-default\">\n\t\t\t\t\t<div class=\"elementor-column elementor-col-100 elementor-top-column elementor-element elementor-element-e17eabc\" data-id=\"e17eabc\" data-element_type=\"column\" data-e-type=\"column\">\n\t\t\t<div class=\"elementor-widget-wrap elementor-element-populated\">\n\t\t\t\t\t\t<div class=\"elementor-element elementor-element-217c6ec3 elementor-widget elementor-widget-text-editor\" data-id=\"217c6ec3\" data-element_type=\"widget\" data-e-type=\"widget\" data-widget_type=\"text-editor.default\">\n\t\t\t\t<div class=\"elementor-widget-container\">\n\t\t\t\t\t\t\t\t\t<h1 style=\"text-align: center;\"><span style=\"vertical-align: inherit;\"><span style=\"vertical-align: inherit;\">SERVICIO DE INFORMACI\u00d3N Y ATENCI\u00d3N AL USUARIO (SIAU)<\/span><\/span><\/h1><ul><li><h2><a href=\"http:\/\/www.esehospitalcimitarra.gov.co\/wp-content\/uploads\/2020\/04\/D-PARTICIPACION-SOCIAL.pdf\">PARTICIPACI\u00d3N SOCIAL<\/a><\/h2><\/li><li><h2><a href=\"http:\/\/www.esehospitalcimitarra.gov.co\/wp-content\/uploads\/2021\/09\/CONVOCATORIA-DE-LA-ELECCION-ALIANZA-DE-USUARIOS-ESE-HOSPITAL.pdf\">CONVOCATORIA DE LA ELECCION ALIANZA DE USUARIOS ESE HOSPITAL<\/a><\/h2><\/li><li><h2><a href=\"http:\/\/www.esehospitalcimitarra.gov.co\/wp-content\/uploads\/2021\/12\/Alianza-Copaco.pdf\">ALIANZA USUARIOS ESE HOSPITAL 2021-2023<\/a><\/h2><\/li><li><h2><a href=\"http:\/\/www.esehospitalcimitarra.gov.co\/wp-content\/uploads\/2022\/08\/M-DE-01.-Modelo-de-prestaci\u00f3n-de-servicios.pdf\">MODELO DE PRESTACION DE SERVICIOS<\/a><\/h2><\/li><li><h2><a href=\"http:\/\/www.esehospitalcimitarra.gov.co\/wp-content\/uploads\/2022\/08\/Portafolio-de-servicios.pdf\">PORTAFOLIO DE SERVICIOS<\/a><\/h2><\/li><li><h2><a href=\"http:\/\/www.esehospitalcimitarra.gov.co\/wp-content\/uploads\/2022\/08\/M-SP-02.-Programa-de-Seguridad-del-Paciente.pdf\">Programa de Seguridad del Paciente<\/a><\/h2><\/li><li><h2><a href=\"http:\/\/www.esehospitalcimitarra.gov.co\/wp-content\/uploads\/2022\/08\/P-SIAU-01.-PQRS.pdf\">PQRS<\/a><\/h2><\/li><li><h2><a href=\"http:\/\/www.esehospitalcimitarra.gov.co\/wp-content\/uploads\/2022\/08\/P-SIAU-02.-Medici\u00f3n-y-an\u00e1lisis-de-la-satisfacci\u00f3n-del-usuario.pdf\">Medici\u00f3n y an\u00e1lisis de la satisfacci\u00f3n del usuario<\/a><\/h2><\/li><li><h2><a href=\"http:\/\/www.esehospitalcimitarra.gov.co\/wp-content\/uploads\/2022\/08\/P-SIAU-03.-Participaci\u00f3n-Social.pdf\">Participaci\u00f3n Social<\/a><\/h2><\/li><li><h2><a href=\"http:\/\/www.esehospitalcimitarra.gov.co\/wp-content\/uploads\/2022\/08\/P-SIAU-04.-Orientaci\u00f3n-e-informaci\u00f3n-al-usuario.pdf\">Orientaci\u00f3n e informaci\u00f3n al usuario<\/a><\/h2><\/li><li><h2><a href=\"http:\/\/www.esehospitalcimitarra.gov.co\/wp-content\/uploads\/2022\/08\/TRIMESTE-I-ANALISIS-2022.pdf\">INFORME SIAU PRIMER TRIMESTRE 2022<\/a><\/h2><\/li><li><h2><a href=\"http:\/\/www.esehospitalcimitarra.gov.co\/wp-content\/uploads\/2022\/08\/TRIMESTRE-II-Analisis-2022.pdf\">INFORME SIAU SEGUNDO TRIMESTRE 2022<\/a><\/h2><\/li><li><h2><a href=\"http:\/\/www.esehospitalcimitarra.gov.co\/wp-content\/uploads\/2023\/12\/CONVOCATORIA-ASAMBLEA-GENERAL.pdf\">CONVOCATORIA ASAMBLEA GENERA CONFORMACION DE LA ASOCIACION DE USUARIOS<\/a><\/h2><\/li><li><h2><a href=\"http:\/\/www.esehospitalcimitarra.gov.co\/wp-content\/uploads\/2024\/10\/Renovacion-Alianza-de-Usuarios-2024-2026-1.pdf\">ALIANZA DE USUARIO 2024-2026<\/a><\/h2><\/li><li><h3><a href=\"http:\/\/www.esehospitalcimitarra.gov.co\/wp-content\/uploads\/2026\/02\/ACTO-ADMINISTRATIVO-MODIFICACION-DE-TIEMPOS.pdf\">CONVOCATORIA ASAMBLEA GENERAL CONFORMACION DE LA ASOCIACION DE USUARIOS PERIODO 2026-2028<\/a><\/h3><\/li><li><h2><a href=\"http:\/\/www.esehospitalcimitarra.gov.co\/wp-content\/uploads\/2026\/03\/ACTO-ADMINISTRATIVO-MODIFICACION-DE-TIEMPOS-1.pdf\">ACTO ADMINISTRATIVO MODIFICACION DE TIEMPOS<\/a><\/h2><\/li><li><h2><a href=\"http:\/\/www.esehospitalcimitarra.gov.co\/wp-content\/uploads\/2026\/03\/CIRCULAR-02-DE-2026.pdf\">CONVOCATORIA PARA LA CONFORMACION DE LA ALIANZA DE USUARIO<\/a><\/h2><\/li><li><h2><a href=\"http:\/\/www.esehospitalcimitarra.gov.co\/wp-content\/uploads\/2026\/04\/RESOLUCION-CONFORMACION-COMITE-ALIANZA-DE-USUARIOS.pdf\">RESOLUCI\u00d3N CONFORMACI\u00d3N COMITE ALIANZA DE USUARIOS<\/a><\/h2><\/li><\/ul><p>[\/vc_column_text][\/vc_column][\/vc_row]<\/p>\t\t\t\t\t\t\t\t<\/div>\n\t\t\t\t<\/div>\n\t\t\t\t\t<\/div>\n\t\t<\/div>\n\t\t\t\t\t<\/div>\n\t\t<\/section>\n\t\t\t\t<\/div>\n\t\t","protected":false},"excerpt":{"rendered":"<p>SERVICIO DE INFORMACI\u00d3N Y ATENCI\u00d3N AL USUARIO (SIAU) PARTICIPACI\u00d3N SOCIAL CONVOCATORIA DE LA ELECCION ALIANZA DE USUARIOS ESE HOSPITAL ALIANZA USUARIOS ESE HOSPITAL 2021-2023 MODELO DE PRESTACION DE SERVICIOS PORTAFOLIO [&hellip;]<\/p>\n","protected":false},"author":1,"featured_media":0,"parent":0,"menu_order":0,"comment_status":"closed","ping_status":"closed","template":"","meta":{"footnotes":""},"class_list":["post-736","page","type-page","status-publish","hentry"],"_links":{"self":[{"href":"https:\/\/www.esehospitalcimitarra.gov.co\/index.php\/wp-json\/wp\/v2\/pages\/736","targetHints":{"allow":["GET"]}}],"collection":[{"href":"https:\/\/www.esehospitalcimitarra.gov.co\/index.php\/wp-json\/wp\/v2\/pages"}],"about":[{"href":"https:\/\/www.esehospitalcimitarra.gov.co\/index.php\/wp-json\/wp\/v2\/types\/page"}],"author":[{"embeddable":true,"href":"https:\/\/www.esehospitalcimitarra.gov.co\/index.php\/wp-json\/wp\/v2\/users\/1"}],"replies":[{"embeddable":true,"href":"https:\/\/www.esehospitalcimitarra.gov.co\/index.php\/wp-json\/wp\/v2\/comments?post=736"}],"version-history":[{"count":57,"href":"https:\/\/www.esehospitalcimitarra.gov.co\/index.php\/wp-json\/wp\/v2\/pages\/736\/revisions"}],"predecessor-version":[{"id":5543,"href":"https:\/\/www.esehospitalcimitarra.gov.co\/index.php\/wp-json\/wp\/v2\/pages\/736\/revisions\/5543"}],"wp:attachment":[{"href":"https:\/\/www.esehospitalcimitarra.gov.co\/index.php\/wp-json\/wp\/v2\/media?parent=736"}],"curies":[{"name":"wp","href":"https:\/\/api.w.org\/{rel}","templated":true}]}}