{"id":806,"date":"2020-05-10T23:04:32","date_gmt":"2020-05-11T04:04:32","guid":{"rendered":"http:\/\/www.esehospitalcimitarra.gov.co\/?page_id=806"},"modified":"2021-06-08T19:06:34","modified_gmt":"2021-06-09T00:06:34","slug":"dimensiones-pic","status":"publish","type":"page","link":"https:\/\/www.esehospitalcimitarra.gov.co\/index.php\/dimensiones-pic\/","title":{"rendered":"Dimensiones PIC"},"content":{"rendered":"\n<div class=\"wp-block-group\"><div class=\"wp-block-group__inner-container is-layout-flow wp-block-group-is-layout-flow\">\n<div class=\"wp-block-group\"><div class=\"wp-block-group__inner-container is-layout-flow wp-block-group-is-layout-flow\">\n<div class=\"wp-block-buttons aligncenter is-layout-flex wp-block-buttons-is-layout-flex\">\n<div class=\"wp-block-button\"><a class=\"wp-block-button__link has-text-color has-background has-very-dark-gray-background-color\" href=\"dimension-salud-ambiental\" style=\"color:#ffffff;border-radius:17px\">1. PLAN DE INTERVENCIONES COLECTIVAS DIMENSI\u00d3N SALUD AMBIENTAL<\/a><\/div>\n\n\n\n<div class=\"wp-block-button is-style-fill\"><a class=\"wp-block-button__link has-text-color has-background has-very-dark-gray-background-color\" href=\"dimension-de-vida-saludable-y-condiciones-no-transmisibles\" style=\"color:#ffffff;border-radius:17px\" rel=\"\">2. PLAN DE INTERVENCIONES COLECTIVAS DIMENSI\u00d3N DE VIDA SALUDABLE Y CONDICIONES NO TRANSMISIBLES<\/a><\/div>\n\n\n\n<div class=\"wp-block-button\"><a class=\"wp-block-button__link has-text-color has-background has-very-dark-gray-background-color\" href=\"dimension-convivencia-social-y-salud-ambiental\" style=\"color:#ffffff;border-radius:17px\">3. PLAN DE INTERVENCIONES COLECTIVAS DIMENSI\u00d3N CONVIVENCIA SOCIAL Y SALUD MENTAL<\/a><\/div>\n\n\n\n<div class=\"wp-block-button\"><a class=\"wp-block-button__link has-text-color has-background has-very-dark-gray-background-color\" href=\"dimension-seguridad-alimentaria-y-nutricional\" style=\"color:#ffffff;border-radius:17px\">4. PLAN DE INTERVENCIONES COLECTIVAS DIMENSI\u00d3N SEGURIDAD ALIMENTARIA Y NUTRICIONAL<\/a><\/div>\n\n\n\n<div class=\"wp-block-button\"><a class=\"wp-block-button__link has-text-color has-background has-very-dark-gray-background-color\" href=\"dimension-derechos-sexuales-y-reproductivos\" style=\"color:#ffffff;border-radius:17px\">5. PLAN DE INTERVENCIONES COLECTIVAS DIMENSI\u00d3N SEXUALIDAD, DERECHOS SEXUALES Y REPRODUCTIVOS<\/a><\/div>\n\n\n\n<div class=\"wp-block-button\"><a class=\"wp-block-button__link has-text-color has-background has-very-dark-gray-background-color\" href=\"dimension-vida-saludable-y-enfermedades-transmisibles\" style=\"color:#ffffff;border-radius:17px\">6. PLAN DE INTERVENCIONES COLECTIVAS DIMENSI\u00d3N VIDA SALUDABLE Y ENFERMEDADES TRANSMISIBLES<\/a><\/div>\n\n\n\n<div class=\"wp-block-button\"><a class=\"wp-block-button__link has-text-color has-background has-very-dark-gray-background-color\" href=\"dimension-salud-publica-en-emergencias-y-desastres\" style=\"color:#ffffff;border-radius:17px\">7. PLAN DE INTERVENCIONES COLECTIVAS DIMENSI\u00d3N SALUD PUBLICA EN EMERGENCIAS Y DESASTRES<\/a><\/div>\n\n\n\n<div class=\"wp-block-button\"><a class=\"wp-block-button__link has-text-color has-background has-very-dark-gray-background-color\" href=\"dimension-seguridad-y-salud-en-el-trabajo\" style=\"color:#ffffff;border-radius:17px\">8. PLAN DE INTERVENCIONES COLECTIVAS DIMENSI\u00d3N SEGURIDAD Y SALUD EN EL TRABAJO<\/a><\/div>\n\n\n\n<div class=\"wp-block-button\"><a class=\"wp-block-button__link has-text-color has-background has-very-dark-gray-background-color\" href=\"dimension-transversal-gestion-diferencial-de-poblaciones-vulnerables\" style=\"color:#ffffff;border-radius:17px\">9. PLAN DE INTERVENCIONES COLECTIVAS DIMENSI\u00d3N TRANSVERSAL GESTI\u00d3N DIFERENCIAL DE POBLACIONES VULNERABLES<\/a><\/div>\n<\/div>\n<\/div><\/div>\n<\/div><\/div>\n\n\n\n<p><\/p>\n\n\n\n<p><\/p>\n","protected":false},"excerpt":{"rendered":"1. PLAN DE INTERVENCIONES COLECTIVAS DIMENSI\u00d3N SALUD AMBIENTAL 2. PLAN DE INTERVENCIONES COLECTIVAS DIMENSI\u00d3N DE VIDA SALUDABLE Y CONDICIONES NO TRANSMISIBLES 3. PLAN DE INTERVENCIONES COLECTIVAS DIMENSI\u00d3N CONVIVENCIA SOCIAL Y [...]","protected":false},"author":1,"featured_media":0,"parent":0,"menu_order":0,"comment_status":"closed","ping_status":"closed","template":"","meta":{"footnotes":""},"class_list":["post-806","page","type-page","status-publish","hentry"],"_links":{"self":[{"href":"https:\/\/www.esehospitalcimitarra.gov.co\/index.php\/wp-json\/wp\/v2\/pages\/806","targetHints":{"allow":["GET"]}}],"collection":[{"href":"https:\/\/www.esehospitalcimitarra.gov.co\/index.php\/wp-json\/wp\/v2\/pages"}],"about":[{"href":"https:\/\/www.esehospitalcimitarra.gov.co\/index.php\/wp-json\/wp\/v2\/types\/page"}],"author":[{"embeddable":true,"href":"https:\/\/www.esehospitalcimitarra.gov.co\/index.php\/wp-json\/wp\/v2\/users\/1"}],"replies":[{"embeddable":true,"href":"https:\/\/www.esehospitalcimitarra.gov.co\/index.php\/wp-json\/wp\/v2\/comments?post=806"}],"version-history":[{"count":41,"href":"https:\/\/www.esehospitalcimitarra.gov.co\/index.php\/wp-json\/wp\/v2\/pages\/806\/revisions"}],"predecessor-version":[{"id":2018,"href":"https:\/\/www.esehospitalcimitarra.gov.co\/index.php\/wp-json\/wp\/v2\/pages\/806\/revisions\/2018"}],"wp:attachment":[{"href":"https:\/\/www.esehospitalcimitarra.gov.co\/index.php\/wp-json\/wp\/v2\/media?parent=806"}],"curies":[{"name":"wp","href":"https:\/\/api.w.org\/{rel}","templated":true}]}}